{"id":16,"date":"2023-05-30T14:03:16","date_gmt":"2023-05-30T14:03:16","guid":{"rendered":"https:\/\/scandikran.se\/?page_id=16"},"modified":"2023-08-01T10:14:05","modified_gmt":"2023-08-01T10:14:05","slug":"kontaktai","status":"publish","type":"page","link":"https:\/\/scandikran.se\/lt\/kontaktai\/","title":{"rendered":"Kontaktai"},"content":{"rendered":"<section class=\"wpb-content-wrapper\"><p>[vc_row css_animation=&#8221;fadeIn&#8221; css=&#8221;.vc_custom_1687178353308{margin-top: -20px !important;}&#8221;][vc_column width=&#8221;1\/2&#8243;][vc_custom_heading text=&#8221;Kontaktai&#8221; font_container=&#8221;tag:h1|text_align:left&#8221; use_theme_fonts=&#8221;yes&#8221; css=&#8221;.vc_custom_1690883951312{margin-bottom: 30px !important;}&#8221;][vc_custom_heading text=&#8221;Edvinas Petrauskas&#8221; use_theme_fonts=&#8221;yes&#8221; css=&#8221;.vc_custom_1690883961704{margin-bottom: 30px !important;}&#8221;]<style type=\"text\/css\" data-type=\"the7_shortcodes-inline-css\">.icon-with-text-shortcode.icon-text-id-0cfc997ab02d18488fbbeea0983771b6 .text-icon {\n  width: 60px;\n  height: 60px;\n  line-height: 60px;\n  font-size: 24px;\n  border-radius: 200px;\n  margin: 0px 0px 0px 0px;\n}\n.icon-with-text-shortcode.icon-text-id-0cfc997ab02d18488fbbeea0983771b6 .text-icon .icon-inner {\n  min-width: 60px;\n  min-height: 60px;\n  border-radius: 200px;\n}\n@media all and (-ms-high-contrast: none) {\n  .icon-with-text-shortcode.icon-text-id-0cfc997ab02d18488fbbeea0983771b6 .text-icon .icon-inner {\n    height: 60px;\n  }\n}\n.icon-with-text-shortcode.icon-text-id-0cfc997ab02d18488fbbeea0983771b6 .text-icon .dt-hover-icon {\n  line-height: 60px;\n}\n.icon-with-text-shortcode.icon-text-id-0cfc997ab02d18488fbbeea0983771b6 .text-icon:before,\n.icon-with-text-shortcode.icon-text-id-0cfc997ab02d18488fbbeea0983771b6 .text-icon:after,\n.icon-with-text-shortcode.icon-text-id-0cfc997ab02d18488fbbeea0983771b6 .text-icon .icon-inner:before,\n.icon-with-text-shortcode.icon-text-id-0cfc997ab02d18488fbbeea0983771b6 .text-icon .icon-inner:after {\n  min-width: 100%;\n  min-height: 100%;\n  padding: inherit;\n  border-radius: inherit;\n}\n.icon-with-text-shortcode.icon-text-id-0cfc997ab02d18488fbbeea0983771b6 .text-icon.dt-icon-border-on:before {\n  border-width: 2px;\n  border-style: solid;\n}\n.dt-icon-border-dashed.icon-with-text-shortcode.icon-text-id-0cfc997ab02d18488fbbeea0983771b6 .text-icon.dt-icon-border-on:before {\n  border-style: dashed;\n}\n.dt-icon-border-dotted.icon-with-text-shortcode.icon-text-id-0cfc997ab02d18488fbbeea0983771b6 .text-icon.dt-icon-border-on:before {\n  border-style: dotted;\n}\n.dt-icon-border-double.icon-with-text-shortcode.icon-text-id-0cfc997ab02d18488fbbeea0983771b6 .text-icon.dt-icon-border-on:before {\n  border-style: double;\n}\n.icon-with-text-shortcode.icon-text-id-0cfc997ab02d18488fbbeea0983771b6 .text-icon.dt-icon-border-dashed.dt-icon-border-on:before {\n  border-style: dashed;\n}\n.icon-with-text-shortcode.icon-text-id-0cfc997ab02d18488fbbeea0983771b6 .text-icon.dt-icon-border-dotted.dt-icon-border-on:before {\n  border-style: dotted;\n}\n.icon-with-text-shortcode.icon-text-id-0cfc997ab02d18488fbbeea0983771b6 .text-icon.dt-icon-border-double.dt-icon-border-on:before {\n  border-style: double;\n}\n.icon-with-text-shortcode.icon-text-id-0cfc997ab02d18488fbbeea0983771b6 .text-icon.dt-icon-hover-border-on:after {\n  border-width: 2px;\n  border-style: solid;\n}\n.icon-with-text-shortcode.icon-text-id-0cfc997ab02d18488fbbeea0983771b6 .text-icon.dt-icon-border-dashed.dt-icon-hover-border-on:after {\n  border-style: dashed;\n}\n.icon-with-text-shortcode.icon-text-id-0cfc997ab02d18488fbbeea0983771b6 .text-icon.dt-icon-border-dotted.dt-icon-hover-border-on:after {\n  border-style: dotted;\n}\n.icon-with-text-shortcode.icon-text-id-0cfc997ab02d18488fbbeea0983771b6 .text-icon.dt-icon-border-double.dt-icon-hover-border-on:after {\n  border-style: double;\n}\n.icon-with-text-shortcode.icon-text-id-0cfc997ab02d18488fbbeea0983771b6 .text-icon.dt-icon-hover-on:hover {\n  font-size: 24px;\n}\n#page .icon-with-text-shortcode.icon-text-id-0cfc997ab02d18488fbbeea0983771b6 .text-icon.dt-icon-hover-on:hover .soc-font-icon,\n#phantom .icon-with-text-shortcode.icon-text-id-0cfc997ab02d18488fbbeea0983771b6 .text-icon.dt-icon-hover-on:hover .soc-font-icon,\n#page .icon-with-text-shortcode.icon-text-id-0cfc997ab02d18488fbbeea0983771b6 .text-icon.dt-icon-hover-on:hover .soc-icon,\n#phantom .icon-with-text-shortcode.icon-text-id-0cfc997ab02d18488fbbeea0983771b6 .text-icon.dt-icon-hover-on:hover .soc-icon {\n  color: #fff;\n  background: none;\n}\n#page .icon-with-text-shortcode.icon-text-id-0cfc997ab02d18488fbbeea0983771b6 .text-icon.dt-icon-hover-on:not(:hover) .soc-font-icon,\n#phantom .icon-with-text-shortcode.icon-text-id-0cfc997ab02d18488fbbeea0983771b6 .text-icon.dt-icon-hover-on:not(:hover) .soc-font-icon,\n#page .icon-with-text-shortcode.icon-text-id-0cfc997ab02d18488fbbeea0983771b6 .text-icon.dt-icon-hover-on:not(:hover) .soc-icon,\n#phantom .icon-with-text-shortcode.icon-text-id-0cfc997ab02d18488fbbeea0983771b6 .text-icon.dt-icon-hover-on:not(:hover) .soc-icon,\n#page .icon-with-text-shortcode.icon-text-id-0cfc997ab02d18488fbbeea0983771b6 .text-icon.dt-icon-hover-off .soc-font-icon,\n#phantom .icon-with-text-shortcode.icon-text-id-0cfc997ab02d18488fbbeea0983771b6 .text-icon.dt-icon-hover-off .soc-font-icon,\n#page .icon-with-text-shortcode.icon-text-id-0cfc997ab02d18488fbbeea0983771b6 .text-icon.dt-icon-hover-off .soc-icon,\n#phantom .icon-with-text-shortcode.icon-text-id-0cfc997ab02d18488fbbeea0983771b6 .text-icon.dt-icon-hover-off .soc-icon {\n  color: #2d3796;\n  background: none;\n}\n.icon-with-text-shortcode.icon-text-id-0cfc997ab02d18488fbbeea0983771b6.layout-1 {\n  grid-template-columns: 60px minmax(0,1fr);\n  grid-column-gap: 0px;\n}\n.icon-with-text-shortcode.icon-text-id-0cfc997ab02d18488fbbeea0983771b6.layout-2 {\n  grid-template-columns: minmax(0,1fr) 60px;\n  grid-column-gap: 0px;\n}\n.icon-with-text-shortcode.icon-text-id-0cfc997ab02d18488fbbeea0983771b6.layout-2 .text-icon {\n  margin-left: 0;\n}\n.icon-with-text-shortcode.icon-text-id-0cfc997ab02d18488fbbeea0983771b6.layout-3 {\n  grid-template-columns: 60px minmax(0,1fr);\n}\n.icon-with-text-shortcode.icon-text-id-0cfc997ab02d18488fbbeea0983771b6.layout-3 .dt-text-title {\n  margin-left: 0px;\n}\n.icon-with-text-shortcode.icon-text-id-0cfc997ab02d18488fbbeea0983771b6 .dt-text-title,\n.icon-with-text-shortcode.icon-text-id-0cfc997ab02d18488fbbeea0983771b6 .dt-text-title a {\n  font-weight: bold;\n}\n.icon-with-text-shortcode.icon-text-id-0cfc997ab02d18488fbbeea0983771b6 .dt-text-title {\n  margin-bottom: 0px;\n}\n.icon-with-text-shortcode.icon-text-id-0cfc997ab02d18488fbbeea0983771b6 .dt-text-desc {\n  margin-bottom: 0px;\n}\n<\/style><div class=\"icon-with-text-shortcode  icon-text-id-0cfc997ab02d18488fbbeea0983771b6 layout-1  \" ><a class=\"block-link anchor-link\"  href=\"mailto:e.petrauskas@scandikran.se\"><\/a><a href=\"mailto:e.petrauskas@scandikran.se\" class=\"anchor-link text-icon dt-icon-bg-off dt-icon-hover-off\"><span class=\"icon-inner\"><i class=\"dt-regular-icon soc-icon icomoon-the7-font-the7-mail-011\"><\/i><i class=\"dt-hover-icon soc-icon icomoon-the7-font-the7-mail-011\"><\/i><\/span><\/a><h3 class=\"dt-text-title anchor-link\"><a class=\"anchor-link\"  href=\"mailto:e.petrauskas@scandikran.se\">El. pa\u0161tas<\/a><\/h3><div class=\"dt-text-desc\">e.petrauskas@scandikran.se<\/div><\/div><style type=\"text\/css\" data-type=\"the7_shortcodes-inline-css\">.icon-with-text-shortcode.icon-text-id-5c4f1a0ad9fc4d97155745bb9d6bef91 .text-icon {\n  width: 60px;\n  height: 60px;\n  line-height: 60px;\n  font-size: 24px;\n  border-radius: 200px;\n  margin: 0px 0px 0px 0px;\n}\n.icon-with-text-shortcode.icon-text-id-5c4f1a0ad9fc4d97155745bb9d6bef91 .text-icon .icon-inner {\n  min-width: 60px;\n  min-height: 60px;\n  border-radius: 200px;\n}\n@media all and (-ms-high-contrast: none) {\n  .icon-with-text-shortcode.icon-text-id-5c4f1a0ad9fc4d97155745bb9d6bef91 .text-icon .icon-inner {\n    height: 60px;\n  }\n}\n.icon-with-text-shortcode.icon-text-id-5c4f1a0ad9fc4d97155745bb9d6bef91 .text-icon .dt-hover-icon {\n  line-height: 60px;\n}\n.icon-with-text-shortcode.icon-text-id-5c4f1a0ad9fc4d97155745bb9d6bef91 .text-icon:before,\n.icon-with-text-shortcode.icon-text-id-5c4f1a0ad9fc4d97155745bb9d6bef91 .text-icon:after,\n.icon-with-text-shortcode.icon-text-id-5c4f1a0ad9fc4d97155745bb9d6bef91 .text-icon .icon-inner:before,\n.icon-with-text-shortcode.icon-text-id-5c4f1a0ad9fc4d97155745bb9d6bef91 .text-icon .icon-inner:after {\n  min-width: 100%;\n  min-height: 100%;\n  padding: inherit;\n  border-radius: inherit;\n}\n.icon-with-text-shortcode.icon-text-id-5c4f1a0ad9fc4d97155745bb9d6bef91 .text-icon.dt-icon-border-on:before {\n  border-width: 2px;\n  border-style: solid;\n}\n.dt-icon-border-dashed.icon-with-text-shortcode.icon-text-id-5c4f1a0ad9fc4d97155745bb9d6bef91 .text-icon.dt-icon-border-on:before {\n  border-style: dashed;\n}\n.dt-icon-border-dotted.icon-with-text-shortcode.icon-text-id-5c4f1a0ad9fc4d97155745bb9d6bef91 .text-icon.dt-icon-border-on:before {\n  border-style: dotted;\n}\n.dt-icon-border-double.icon-with-text-shortcode.icon-text-id-5c4f1a0ad9fc4d97155745bb9d6bef91 .text-icon.dt-icon-border-on:before {\n  border-style: double;\n}\n.icon-with-text-shortcode.icon-text-id-5c4f1a0ad9fc4d97155745bb9d6bef91 .text-icon.dt-icon-border-dashed.dt-icon-border-on:before {\n  border-style: dashed;\n}\n.icon-with-text-shortcode.icon-text-id-5c4f1a0ad9fc4d97155745bb9d6bef91 .text-icon.dt-icon-border-dotted.dt-icon-border-on:before {\n  border-style: dotted;\n}\n.icon-with-text-shortcode.icon-text-id-5c4f1a0ad9fc4d97155745bb9d6bef91 .text-icon.dt-icon-border-double.dt-icon-border-on:before {\n  border-style: double;\n}\n.icon-with-text-shortcode.icon-text-id-5c4f1a0ad9fc4d97155745bb9d6bef91 .text-icon.dt-icon-hover-border-on:after {\n  border-width: 2px;\n  border-style: solid;\n}\n.icon-with-text-shortcode.icon-text-id-5c4f1a0ad9fc4d97155745bb9d6bef91 .text-icon.dt-icon-border-dashed.dt-icon-hover-border-on:after {\n  border-style: dashed;\n}\n.icon-with-text-shortcode.icon-text-id-5c4f1a0ad9fc4d97155745bb9d6bef91 .text-icon.dt-icon-border-dotted.dt-icon-hover-border-on:after {\n  border-style: dotted;\n}\n.icon-with-text-shortcode.icon-text-id-5c4f1a0ad9fc4d97155745bb9d6bef91 .text-icon.dt-icon-border-double.dt-icon-hover-border-on:after {\n  border-style: double;\n}\n.icon-with-text-shortcode.icon-text-id-5c4f1a0ad9fc4d97155745bb9d6bef91 .text-icon.dt-icon-hover-on:hover {\n  font-size: 24px;\n}\n#page .icon-with-text-shortcode.icon-text-id-5c4f1a0ad9fc4d97155745bb9d6bef91 .text-icon.dt-icon-hover-on:hover .soc-font-icon,\n#phantom .icon-with-text-shortcode.icon-text-id-5c4f1a0ad9fc4d97155745bb9d6bef91 .text-icon.dt-icon-hover-on:hover .soc-font-icon,\n#page .icon-with-text-shortcode.icon-text-id-5c4f1a0ad9fc4d97155745bb9d6bef91 .text-icon.dt-icon-hover-on:hover .soc-icon,\n#phantom .icon-with-text-shortcode.icon-text-id-5c4f1a0ad9fc4d97155745bb9d6bef91 .text-icon.dt-icon-hover-on:hover .soc-icon {\n  color: #fff;\n  background: none;\n}\n#page .icon-with-text-shortcode.icon-text-id-5c4f1a0ad9fc4d97155745bb9d6bef91 .text-icon.dt-icon-hover-on:not(:hover) .soc-font-icon,\n#phantom .icon-with-text-shortcode.icon-text-id-5c4f1a0ad9fc4d97155745bb9d6bef91 .text-icon.dt-icon-hover-on:not(:hover) .soc-font-icon,\n#page .icon-with-text-shortcode.icon-text-id-5c4f1a0ad9fc4d97155745bb9d6bef91 .text-icon.dt-icon-hover-on:not(:hover) .soc-icon,\n#phantom .icon-with-text-shortcode.icon-text-id-5c4f1a0ad9fc4d97155745bb9d6bef91 .text-icon.dt-icon-hover-on:not(:hover) .soc-icon,\n#page .icon-with-text-shortcode.icon-text-id-5c4f1a0ad9fc4d97155745bb9d6bef91 .text-icon.dt-icon-hover-off .soc-font-icon,\n#phantom .icon-with-text-shortcode.icon-text-id-5c4f1a0ad9fc4d97155745bb9d6bef91 .text-icon.dt-icon-hover-off .soc-font-icon,\n#page .icon-with-text-shortcode.icon-text-id-5c4f1a0ad9fc4d97155745bb9d6bef91 .text-icon.dt-icon-hover-off .soc-icon,\n#phantom .icon-with-text-shortcode.icon-text-id-5c4f1a0ad9fc4d97155745bb9d6bef91 .text-icon.dt-icon-hover-off .soc-icon {\n  color: #2d3796;\n  background: none;\n}\n.icon-with-text-shortcode.icon-text-id-5c4f1a0ad9fc4d97155745bb9d6bef91.layout-1 {\n  grid-template-columns: 60px minmax(0,1fr);\n  grid-column-gap: 0px;\n}\n.icon-with-text-shortcode.icon-text-id-5c4f1a0ad9fc4d97155745bb9d6bef91.layout-2 {\n  grid-template-columns: minmax(0,1fr) 60px;\n  grid-column-gap: 0px;\n}\n.icon-with-text-shortcode.icon-text-id-5c4f1a0ad9fc4d97155745bb9d6bef91.layout-2 .text-icon {\n  margin-left: 0;\n}\n.icon-with-text-shortcode.icon-text-id-5c4f1a0ad9fc4d97155745bb9d6bef91.layout-3 {\n  grid-template-columns: 60px minmax(0,1fr);\n}\n.icon-with-text-shortcode.icon-text-id-5c4f1a0ad9fc4d97155745bb9d6bef91.layout-3 .dt-text-title {\n  margin-left: 0px;\n}\n.icon-with-text-shortcode.icon-text-id-5c4f1a0ad9fc4d97155745bb9d6bef91 .dt-text-title,\n.icon-with-text-shortcode.icon-text-id-5c4f1a0ad9fc4d97155745bb9d6bef91 .dt-text-title a {\n  font-weight: bold;\n}\n.icon-with-text-shortcode.icon-text-id-5c4f1a0ad9fc4d97155745bb9d6bef91 .dt-text-title {\n  margin-bottom: 0px;\n}\n.icon-with-text-shortcode.icon-text-id-5c4f1a0ad9fc4d97155745bb9d6bef91 .dt-text-desc {\n  margin-bottom: 0px;\n}\n<\/style><div class=\"icon-with-text-shortcode  icon-text-id-5c4f1a0ad9fc4d97155745bb9d6bef91 layout-1  vc_custom_1690884030771 \" ><span   class=\"text-icon dt-icon-bg-off dt-icon-hover-off\" ><span class=\"icon-inner\"><i class=\"dt-regular-icon soc-icon icomoon-the7-font-the7-phone-01\"><\/i><i class=\"dt-hover-icon soc-icon icomoon-the7-font-the7-phone-01\"><\/i><\/span><\/span><h3 class=\"dt-text-title\"  >Telefonas<\/h3><div class=\"dt-text-desc\">+37062605769<\/div><\/div>[\/vc_column][vc_column width=&#8221;1\/2&#8243;][\/vc_column][\/vc_row][vc_row css_animation=&#8221;fadeIn&#8221; css=&#8221;.vc_custom_1687259966523{margin-top: 20px !important;}&#8221;][vc_column][vc_separator][\/vc_column][\/vc_row][vc_row css_animation=&#8221;fadeIn&#8221;][vc_column width=&#8221;1\/2&#8243;][vc_custom_heading text=&#8221;Lietuva&#8221; font_container=&#8221;tag:h4|text_align:left&#8221; use_theme_fonts=&#8221;yes&#8221;][vc_column_text]<b>Scandikran, UAB<\/b><\/p>\n<p style=\"font-weight: 400;\">\u017darij\u0173 g. 6A, LT-02300 Vilnius<br \/>\n<a href=\"mailto:info@scandikran.se\">info@scandikran.se<\/a><br \/>\n+37062605769<\/p>\n<p style=\"font-weight: 400;\">\u012emon\u0117s kodas:\u00a0 305745435<br \/>\nPVM kodas: LT100014040119<br \/>\nBanko s\u0105skaita: LT32 7300 0101 6755 6601<br \/>\nSWIFT kodas: HABALT22<\/p>\n<p>[\/vc_column_text][\/vc_column][vc_column width=&#8221;1\/2&#8243;][vc_custom_heading text=&#8221;\u0160vedija&#8221; font_container=&#8221;tag:h4|text_align:left&#8221; use_theme_fonts=&#8221;yes&#8221;][vc_column_text]<b>MO Service Sverige AB<\/b><\/p>\n<p style=\"font-weight: 400;\">Ladug\u00e5rdsv\u00e4gen 1, 234 35 Lomma, Sweden<br \/>\n<a href=\"mailto:info@scandikran.se\">info@scandikran.se<\/a><br \/>\n+37062605769<\/p>\n<p style=\"font-weight: 400;\">Company code: 559090-0329<br \/>\nVAT: SE559090032901<br \/>\nIBAN: SE2950000000055021051628<br \/>\nSWIFT:\u00a0 ESSESESS<\/p>\n<p>[\/vc_column_text][\/vc_column][\/vc_row]<\/p>\n<\/section>","protected":false},"excerpt":{"rendered":"<p>[vc_row css_animation=&#8221;fadeIn&#8221; css=&#8221;.vc_custom_1687178353308{margin-top: -20px !important;}&#8221;][vc_column width=&#8221;1\/2&#8243;][vc_custom_heading text=&#8221;Kontaktai&#8221; font_container=&#8221;tag:h1|text_align:left&#8221; use_theme_fonts=&#8221;yes&#8221; css=&#8221;.vc_custom_1690883951312{margin-bottom: 30px !important;}&#8221;][vc_custom_heading text=&#8221;Edvinas Petrauskas&#8221; use_theme_fonts=&#8221;yes&#8221; css=&#8221;.vc_custom_1690883961704{margin-bottom: 30px !important;}&#8221;][\/vc_column][vc_column width=&#8221;1\/2&#8243;][\/vc_column][\/vc_row][vc_row css_animation=&#8221;fadeIn&#8221; css=&#8221;.vc_custom_1687259966523{margin-top: 20px !important;}&#8221;][vc_column][vc_separator][\/vc_column][\/vc_row][vc_row css_animation=&#8221;fadeIn&#8221;][vc_column width=&#8221;1\/2&#8243;][vc_custom_heading text=&#8221;Lietuva&#8221; font_container=&#8221;tag:h4|text_align:left&#8221; use_theme_fonts=&#8221;yes&#8221;][vc_column_text]Scandikran, UAB \u017darij\u0173 g. 6A, LT-02300 Vilnius info@scandikran.se +37062605769 \u012emon\u0117s kodas:\u00a0 305745435 PVM kodas: LT100014040119 Banko s\u0105skaita: LT32 7300 0101 6755 6601 SWIFT kodas: HABALT22 [\/vc_column_text][\/vc_column][vc_column width=&#8221;1\/2&#8243;][vc_custom_heading text=&#8221;\u0160vedija&#8221;&hellip;<\/p>\n","protected":false},"author":1,"featured_media":0,"parent":0,"menu_order":0,"comment_status":"closed","ping_status":"closed","template":"","meta":{"footnotes":""},"class_list":["post-16","page","type-page","status-publish","hentry","description-off"],"yoast_head":"<!-- This site is optimized with the Yoast SEO plugin v20.12 - https:\/\/yoast.com\/wordpress\/plugins\/seo\/ -->\n<title>Kontaktai - Scandikran<\/title>\n<meta name=\"description\" content=\"Scandikran, UAB \u2013 bok\u0161tini\u0173 kran\u0173 nuomos kontaktai. Edvinas Petrauskas el. pa\u0161tas: e.petrauskas@scandikran.se \/ telefonas: +370 626 05769\" \/>\n<meta name=\"robots\" content=\"index, follow, max-snippet:-1, max-image-preview:large, max-video-preview:-1\" \/>\n<link rel=\"canonical\" href=\"https:\/\/scandikran.se\/lt\/kontaktai\/\" \/>\n<meta property=\"og:locale\" content=\"lt_LT\" \/>\n<meta property=\"og:type\" content=\"article\" \/>\n<meta property=\"og:title\" content=\"Kontaktai - Scandikran\" \/>\n<meta property=\"og:description\" content=\"Scandikran, UAB \u2013 bok\u0161tini\u0173 kran\u0173 nuomos kontaktai. Edvinas Petrauskas el. pa\u0161tas: e.petrauskas@scandikran.se \/ telefonas: +370 626 05769\" \/>\n<meta property=\"og:url\" content=\"https:\/\/scandikran.se\/lt\/kontaktai\/\" \/>\n<meta property=\"og:site_name\" content=\"Scandikran\" \/>\n<meta property=\"article:modified_time\" content=\"2023-08-01T10:14:05+00:00\" \/>\n<meta property=\"og:image\" content=\"https:\/\/scandikran.se\/wp-content\/uploads\/2023\/05\/hero.jpg\" \/>\n\t<meta property=\"og:image:width\" content=\"1920\" \/>\n\t<meta property=\"og:image:height\" content=\"1280\" \/>\n\t<meta property=\"og:image:type\" content=\"image\/jpeg\" \/>\n<meta name=\"twitter:card\" content=\"summary_large_image\" \/>\n<meta name=\"twitter:label1\" content=\"Est. reading time\" \/>\n\t<meta name=\"twitter:data1\" content=\"1 minut\u0117\" \/>\n<script type=\"application\/ld+json\" class=\"yoast-schema-graph\">{\"@context\":\"https:\/\/schema.org\",\"@graph\":[{\"@type\":\"WebPage\",\"@id\":\"https:\/\/scandikran.se\/lt\/kontaktai\/\",\"url\":\"https:\/\/scandikran.se\/lt\/kontaktai\/\",\"name\":\"Kontaktai - Scandikran\",\"isPartOf\":{\"@id\":\"https:\/\/scandikran.se\/#website\"},\"datePublished\":\"2023-05-30T14:03:16+00:00\",\"dateModified\":\"2023-08-01T10:14:05+00:00\",\"description\":\"Scandikran, UAB \u2013 bok\u0161tini\u0173 kran\u0173 nuomos kontaktai. Edvinas Petrauskas el. pa\u0161tas: e.petrauskas@scandikran.se \/ telefonas: +370 626 05769\",\"breadcrumb\":{\"@id\":\"https:\/\/scandikran.se\/lt\/kontaktai\/#breadcrumb\"},\"inLanguage\":\"lt-LT\",\"potentialAction\":[{\"@type\":\"ReadAction\",\"target\":[\"https:\/\/scandikran.se\/lt\/kontaktai\/\"]}]},{\"@type\":\"BreadcrumbList\",\"@id\":\"https:\/\/scandikran.se\/lt\/kontaktai\/#breadcrumb\",\"itemListElement\":[{\"@type\":\"ListItem\",\"position\":1,\"name\":\"Home\",\"item\":\"https:\/\/scandikran.se\/lt\/\"},{\"@type\":\"ListItem\",\"position\":2,\"name\":\"Kontaktai\"}]},{\"@type\":\"WebSite\",\"@id\":\"https:\/\/scandikran.se\/#website\",\"url\":\"https:\/\/scandikran.se\/\",\"name\":\"Scandikran\",\"description\":\"\",\"potentialAction\":[{\"@type\":\"SearchAction\",\"target\":{\"@type\":\"EntryPoint\",\"urlTemplate\":\"https:\/\/scandikran.se\/?s={search_term_string}\"},\"query-input\":\"required name=search_term_string\"}],\"inLanguage\":\"lt-LT\"}]}<\/script>\n<!-- \/ Yoast SEO plugin. -->","yoast_head_json":{"title":"Kontaktai - Scandikran","description":"Scandikran, UAB \u2013 bok\u0161tini\u0173 kran\u0173 nuomos kontaktai. Edvinas Petrauskas el. pa\u0161tas: e.petrauskas@scandikran.se \/ telefonas: +370 626 05769","robots":{"index":"index","follow":"follow","max-snippet":"max-snippet:-1","max-image-preview":"max-image-preview:large","max-video-preview":"max-video-preview:-1"},"canonical":"https:\/\/scandikran.se\/lt\/kontaktai\/","og_locale":"lt_LT","og_type":"article","og_title":"Kontaktai - Scandikran","og_description":"Scandikran, UAB \u2013 bok\u0161tini\u0173 kran\u0173 nuomos kontaktai. Edvinas Petrauskas el. pa\u0161tas: e.petrauskas@scandikran.se \/ telefonas: +370 626 05769","og_url":"https:\/\/scandikran.se\/lt\/kontaktai\/","og_site_name":"Scandikran","article_modified_time":"2023-08-01T10:14:05+00:00","og_image":[{"width":1920,"height":1280,"url":"https:\/\/scandikran.se\/wp-content\/uploads\/2023\/05\/hero.jpg","type":"image\/jpeg"}],"twitter_card":"summary_large_image","twitter_misc":{"Est. reading time":"1 minut\u0117"},"schema":{"@context":"https:\/\/schema.org","@graph":[{"@type":"WebPage","@id":"https:\/\/scandikran.se\/lt\/kontaktai\/","url":"https:\/\/scandikran.se\/lt\/kontaktai\/","name":"Kontaktai - Scandikran","isPartOf":{"@id":"https:\/\/scandikran.se\/#website"},"datePublished":"2023-05-30T14:03:16+00:00","dateModified":"2023-08-01T10:14:05+00:00","description":"Scandikran, UAB \u2013 bok\u0161tini\u0173 kran\u0173 nuomos kontaktai. Edvinas Petrauskas el. pa\u0161tas: e.petrauskas@scandikran.se \/ telefonas: +370 626 05769","breadcrumb":{"@id":"https:\/\/scandikran.se\/lt\/kontaktai\/#breadcrumb"},"inLanguage":"lt-LT","potentialAction":[{"@type":"ReadAction","target":["https:\/\/scandikran.se\/lt\/kontaktai\/"]}]},{"@type":"BreadcrumbList","@id":"https:\/\/scandikran.se\/lt\/kontaktai\/#breadcrumb","itemListElement":[{"@type":"ListItem","position":1,"name":"Home","item":"https:\/\/scandikran.se\/lt\/"},{"@type":"ListItem","position":2,"name":"Kontaktai"}]},{"@type":"WebSite","@id":"https:\/\/scandikran.se\/#website","url":"https:\/\/scandikran.se\/","name":"Scandikran","description":"","potentialAction":[{"@type":"SearchAction","target":{"@type":"EntryPoint","urlTemplate":"https:\/\/scandikran.se\/?s={search_term_string}"},"query-input":"required name=search_term_string"}],"inLanguage":"lt-LT"}]}},"_links":{"self":[{"href":"https:\/\/scandikran.se\/lt\/wp-json\/wp\/v2\/pages\/16","targetHints":{"allow":["GET"]}}],"collection":[{"href":"https:\/\/scandikran.se\/lt\/wp-json\/wp\/v2\/pages"}],"about":[{"href":"https:\/\/scandikran.se\/lt\/wp-json\/wp\/v2\/types\/page"}],"author":[{"embeddable":true,"href":"https:\/\/scandikran.se\/lt\/wp-json\/wp\/v2\/users\/1"}],"replies":[{"embeddable":true,"href":"https:\/\/scandikran.se\/lt\/wp-json\/wp\/v2\/comments?post=16"}],"version-history":[{"count":18,"href":"https:\/\/scandikran.se\/lt\/wp-json\/wp\/v2\/pages\/16\/revisions"}],"predecessor-version":[{"id":441,"href":"https:\/\/scandikran.se\/lt\/wp-json\/wp\/v2\/pages\/16\/revisions\/441"}],"wp:attachment":[{"href":"https:\/\/scandikran.se\/lt\/wp-json\/wp\/v2\/media?parent=16"}],"curies":[{"name":"wp","href":"https:\/\/api.w.org\/{rel}","templated":true}]}}