{"id":2,"date":"2023-05-30T08:06:55","date_gmt":"2023-05-30T08:06:55","guid":{"rendered":"https:\/\/scandikran.se\/?page_id=2"},"modified":"2023-08-01T17:30:48","modified_gmt":"2023-08-01T17:30:48","slug":"pradzia","status":"publish","type":"page","link":"https:\/\/scandikran.se\/lt\/","title":{"rendered":"Prad\u017eia"},"content":{"rendered":"<section class=\"wpb-content-wrapper\"><p>[vc_row full_width=&#8221;stretch_row&#8221; full_height=&#8221;yes&#8221; content_placement=&#8221;middle&#8221; css_animation=&#8221;fadeIn&#8221; bg_type=&#8221;video&#8221; video_url=&#8221;https:\/\/scandikran.se\/wp-content\/uploads\/2023\/06\/video-bg.mp4&#8243; video_opts=&#8221;loop,muted&#8221; video_poster=&#8221;id^344|url^https:\/\/scandikran.se\/wp-content\/uploads\/2023\/06\/video-placeholder-scaled.jpg|caption^null|alt^null|title^video-placeholder|description^null&#8221; enable_overlay=&#8221;enable_overlay_value&#8221; overlay_color=&#8221;rgba(45,55,150,0.34)&#8221; css=&#8221;.vc_custom_1688133654589{margin-top: -50px !important;}&#8221;][vc_column css_animation=&#8221;fadeIn&#8221;][vc_custom_heading text=&#8221;Scandikran \u2013 bok\u0161tini\u0173 kran\u0173 nuomos ekspertai&#8221; font_container=&#8221;tag:h1|text_align:left|color:%23ffffff&#8221; use_theme_fonts=&#8221;yes&#8221; css=&#8221;.vc_custom_1690882315429{margin-bottom: 30px !important;}&#8221;][\/vc_column][\/vc_row][vc_row gap=&#8221;30&#8243; equal_height=&#8221;yes&#8221; content_placement=&#8221;middle&#8221; css_animation=&#8221;fadeIn&#8221; css=&#8221;.vc_custom_1687178306662{margin-top: 20px !important;}&#8221;][vc_column][vc_custom_heading text=&#8221;APIE Scandikran&#8221; use_theme_fonts=&#8221;yes&#8221; css=&#8221;.vc_custom_1687172614941{margin-bottom: 30px !important;}&#8221;][vc_column_text]<\/p>\n<p style=\"font-weight: 400;\">Mes \u2013 bok\u0161tini\u0173 kran\u0173 nuomos ekspertai \u0160iaur\u0117s ir Baltijos \u0161ali\u0173 regionuose. Dirbdami skirtingose rinkose Lietuvoje, \u0160vedijoje, Norvegijoje bei Jungtin\u0117je Karalyst\u0117je, sukaup\u0117me did\u017eiul\u0119 praktin\u0119 patirt\u012f, kompetencijas, peln\u0117me klient\u0173 pasitik\u0117jim\u0105 bei sub\u016br\u0117me tikr\u0105 profesional\u0173 komand\u0105.<\/p>\n<p style=\"font-weight: 400;\">\u0160i\u0173 m\u016bs\u0173 verslo privalum\u0173 prie\u0161akyje \u2013 i\u0161skirtiniai techniniai paj\u0117gumai. Rinkoje galime did\u017eiuotis tur\u0117dami 12 bok\u0161tini\u0173 kran\u0173 park\u0105, o j\u0173 keliamoji galia siekia 16\u201332 tonos. Taip pat\u00a0 teikiame vis\u0105 \u0161ios statybin\u0117s \u012frangos nuomos paslaug\u0173 paket\u0105 \u2013 kran\u0173 montavimo ir technin\u0117s prie\u017ei\u016bros paslaugas, kran\u0173 operatori\u0173 nuom\u0105, profesionalias konsultacijas.<\/p>\n<p style=\"font-weight: 400;\">Rinkoje i\u0161siskiriame ir taikomais techniniais sprendimais. Inovacijos, i\u0161mani\u0173j\u0173 technologij\u0173 integravimas bei \u0161iuolaikin\u0117s naujov\u0117s u\u017etikrina modernesn\u012f, efektyvesn\u012f ir sumanesn\u012f m\u016bs\u0173 vykdomo darbo proces\u0105.<\/p>\n<p style=\"font-weight: 400;\">D\u0117l \u0161i\u0173 prie\u017eas\u010di\u0173 turima technin\u0117 baz\u0117, technologin\u0117s \u017einios, \u012fgyvendinti projektai, kvalifikacija ir ilgamet\u0117 patirtis leid\u017eia lyderiauti rinkoje. Tod\u0117l statybos verslo s\u0117km\u0119 \u0161iandien keliame \u012f naujas auk\u0161tumas.<\/p>\n<p>[\/vc_column_text][\/vc_column][\/vc_row][vc_row css_animation=&#8221;fadeIn&#8221; css=&#8221;.vc_custom_1687178353308{margin-top: -20px !important;}&#8221;][vc_column width=&#8221;1\/2&#8243;][vc_custom_heading text=&#8221;Kran\u0173 modeliai&#8221; use_theme_fonts=&#8221;yes&#8221; css=&#8221;.vc_custom_1686924606682{margin-bottom: 30px !important;}&#8221;][\/vc_column][vc_column width=&#8221;1\/2&#8243;][\/vc_column][\/vc_row][vc_row gap=&#8221;30&#8243; equal_height=&#8221;yes&#8221; content_placement=&#8221;middle&#8221; css_animation=&#8221;fadeIn&#8221;][vc_column width=&#8221;1\/2&#8243; css=&#8221;.vc_custom_1686760851892{padding-right: 0px !important;padding-left: 0px !important;}&#8221;][vc_single_image image=&#8221;266&#8243; img_size=&#8221;full&#8221; alignment=&#8221;center&#8221; css=&#8221;.vc_custom_1687178575632{margin-bottom: 0px !important;}&#8221;][vc_custom_heading text=&#8221;SAEZ TLS80 24T&#8221; font_container=&#8221;tag:h3|text_align:left&#8221; use_theme_fonts=&#8221;yes&#8221; css=&#8221;.vc_custom_1690887202708{margin-top: 30px !important;margin-bottom: 30px !important;}&#8221; link=&#8221;url:https%3A%2F%2Fscandikran.se%2Flt%2Fkranu-nuoma%2F&#8221;]<div class=\"standard-arrow list-divider bullet-top\"><ul>\n<li><strong>K\u0117limo galia:<\/strong> 14,8 tonos 45 m atstumu<\/li>\n<li><strong>Did\u017eiausia keliamoji galia:<\/strong> 24 t<\/li>\n<li><strong>Str\u0117l\u0117s ilgiai:<\/strong> 45 &#8211; 80 m<\/li>\n<li><strong>Pastatymo b\u016bdas:<\/strong> kry\u017eius\/ankeriai<\/li>\n<\/ul>\n<\/div><style type=\"text\/css\" data-type=\"the7_shortcodes-inline-css\">#default-btn-db26bf9865482706f76e8ed340ee95a8.ico-right-side > i {\n  margin-right: 0px;\n  margin-left: 8px;\n}\n#default-btn-db26bf9865482706f76e8ed340ee95a8 > i {\n  margin-right: 8px;\n}\n<\/style><a href=\"https:\/\/scandikran.se\/wp-content\/uploads\/2023\/06\/SAEZ-TLS-80-24T-technical-data-sheet.pdf\" class=\"default-btn-shortcode dt-btn dt-btn-l link-hover-off btn-inline-left \" target=\"_blank\" id=\"default-btn-db26bf9865482706f76e8ed340ee95a8\" rel=\"noopener\"><span>Techniniai duomenys<\/span><\/a>[\/vc_column][vc_column width=&#8221;1\/2&#8243; css=&#8221;.vc_custom_1686760858676{padding-right: 0px !important;padding-left: 0px !important;}&#8221;][vc_single_image image=&#8221;254&#8243; img_size=&#8221;full&#8221; alignment=&#8221;center&#8221; css=&#8221;.vc_custom_1687172939547{margin-bottom: 0px !important;}&#8221;][vc_custom_heading text=&#8221;TEREX CTT331-16&#8243; font_container=&#8221;tag:h3|text_align:left&#8221; use_theme_fonts=&#8221;yes&#8221; css=&#8221;.vc_custom_1690887209252{margin-top: 30px !important;margin-bottom: 30px !important;}&#8221; link=&#8221;url:https%3A%2F%2Fscandikran.se%2Flt%2Fkranu-nuoma%2F&#8221;]<div class=\"standard-arrow list-divider bullet-top\"><ul>\n<li><strong>K\u0117limo galia:<\/strong> 7,3 tonos 45 m atstumu<\/li>\n<li><strong>Did\u017eiausia keliamoji galia:<\/strong> 16 t<\/li>\n<li><strong>Str\u0117l\u0117s ilgiai:<\/strong> 40 &#8211; 70 m<\/li>\n<li><strong>Pastatymo b\u016bdas:<\/strong> kry\u017eius\/ankeriai<\/li>\n<\/ul>\n<\/div><style type=\"text\/css\" data-type=\"the7_shortcodes-inline-css\">#default-btn-e9e41521ff160d1bf291e748bd4de57a.ico-right-side > i {\n  margin-right: 0px;\n  margin-left: 8px;\n}\n#default-btn-e9e41521ff160d1bf291e748bd4de57a > i {\n  margin-right: 8px;\n}\n<\/style><a href=\"https:\/\/scandikran.se\/wp-content\/uploads\/2023\/06\/TEREX-CTT331-16t-H20.pdf\" class=\"default-btn-shortcode dt-btn dt-btn-l link-hover-off btn-inline-left \" target=\"_blank\" id=\"default-btn-e9e41521ff160d1bf291e748bd4de57a\" rel=\"noopener\"><span>Techniniai duomenys<\/span><\/a>[\/vc_column][\/vc_row][vc_row css_animation=&#8221;fadeIn&#8221; css=&#8221;.vc_custom_1687178392699{margin-top: 20px !important;}&#8221;][vc_column width=&#8221;1\/2&#8243;][vc_custom_heading text=&#8221;Naujausi projektai&#8221; use_theme_fonts=&#8221;yes&#8221; css=&#8221;.vc_custom_1686925064885{margin-bottom: 30px !important;}&#8221;][\/vc_column][vc_column width=&#8221;1\/2&#8243;][\/vc_column][\/vc_row][vc_row css_animation=&#8221;fadeIn&#8221; css=&#8221;.vc_custom_1687178397048{margin-top: 10px !important;}&#8221;][vc_column width=&#8221;1\/4&#8243;][vc_single_image image=&#8221;226&#8243; img_size=&#8221;full&#8221; alignment=&#8221;center&#8221;][vc_custom_heading text=&#8221;\u201eMU3a\u201c administraciniai pastatai, Lidsas, Jungtin\u0117 Karalyst\u0117&#8221; font_container=&#8221;tag:h5|text_align:left&#8221; use_theme_fonts=&#8221;yes&#8221; css=&#8221;.vc_custom_1687172757243{margin-bottom: 20px !important;}&#8221;][\/vc_column][vc_column width=&#8221;1\/4&#8243;][vc_single_image image=&#8221;228&#8243; img_size=&#8221;full&#8221; alignment=&#8221;center&#8221;][vc_custom_heading text=&#8221;\u201eSkylum\u201c daugiabu\u010di\u0173 projektas, Vilnius, Lietuva&#8221; font_container=&#8221;tag:h5|text_align:left&#8221; use_theme_fonts=&#8221;yes&#8221; css=&#8221;.vc_custom_1687172760808{margin-bottom: 20px !important;}&#8221;][\/vc_column][vc_column width=&#8221;1\/4&#8243;][vc_single_image image=&#8221;222&#8243; img_size=&#8221;full&#8221; alignment=&#8221;center&#8221;][vc_custom_heading text=&#8221;\u201eKv H\u00e4lsan 5\u201c daugiabu\u010di\u0173 projektas, Jon\u0161iopingas, \u0160vedija&#8221; font_container=&#8221;tag:h5|text_align:left&#8221; use_theme_fonts=&#8221;yes&#8221; css=&#8221;.vc_custom_1687172763889{margin-bottom: 20px !important;}&#8221;][\/vc_column][vc_column width=&#8221;1\/4&#8243;][vc_single_image image=&#8221;230&#8243; img_size=&#8221;full&#8221; alignment=&#8221;center&#8221;][vc_custom_heading text=&#8221;\u201eNaujasis Skansenas\u201c daugiabu\u010di\u0173 projektas, Vilnius, Lietuva&#8221; font_container=&#8221;tag:h5|text_align:left&#8221; use_theme_fonts=&#8221;yes&#8221; css=&#8221;.vc_custom_1687172768258{margin-bottom: 20px !important;}&#8221;][\/vc_column][\/vc_row][vc_row css=&#8221;.vc_custom_1687172958427{margin-top: 30px !important;}&#8221;][vc_column]<style type=\"text\/css\" data-type=\"the7_shortcodes-inline-css\">#default-btn-b049dcf196b332420aaf709bdd7a89db.ico-right-side > i {\n  margin-right: 0px;\n  margin-left: 8px;\n}\n#default-btn-b049dcf196b332420aaf709bdd7a89db > i {\n  margin-right: 8px;\n}\n<\/style><div class=\"btn-align-center\"><a href=\"https:\/\/scandikran.se\/igyvendinti-projektai\/\" class=\"default-btn-shortcode dt-btn dt-btn-l link-hover-off \" id=\"default-btn-b049dcf196b332420aaf709bdd7a89db\" title=\"\u012egyvendinti projektai\"><span>Daugiau projekt\u0173<\/span><\/a><\/div>[\/vc_column][\/vc_row]<\/p>\n<\/section>","protected":false},"excerpt":{"rendered":"<p>[vc_row full_width=&#8221;stretch_row&#8221; full_height=&#8221;yes&#8221; content_placement=&#8221;middle&#8221; css_animation=&#8221;fadeIn&#8221; bg_type=&#8221;video&#8221; video_url=&#8221;https:\/\/scandikran.se\/wp-content\/uploads\/2023\/06\/video-bg.mp4&#8243; video_opts=&#8221;loop,muted&#8221; video_poster=&#8221;id^344|url^https:\/\/scandikran.se\/wp-content\/uploads\/2023\/06\/video-placeholder-scaled.jpg|caption^null|alt^null|title^video-placeholder|description^null&#8221; enable_overlay=&#8221;enable_overlay_value&#8221; overlay_color=&#8221;rgba(45,55,150,0.34)&#8221; css=&#8221;.vc_custom_1688133654589{margin-top: -50px !important;}&#8221;][vc_column css_animation=&#8221;fadeIn&#8221;][vc_custom_heading text=&#8221;Scandikran \u2013 bok\u0161tini\u0173 kran\u0173 nuomos ekspertai&#8221; font_container=&#8221;tag:h1|text_align:left|color:%23ffffff&#8221; use_theme_fonts=&#8221;yes&#8221; css=&#8221;.vc_custom_1690882315429{margin-bottom: 30px !important;}&#8221;][\/vc_column][\/vc_row][vc_row gap=&#8221;30&#8243; equal_height=&#8221;yes&#8221; content_placement=&#8221;middle&#8221; css_animation=&#8221;fadeIn&#8221; css=&#8221;.vc_custom_1687178306662{margin-top: 20px !important;}&#8221;][vc_column][vc_custom_heading text=&#8221;APIE Scandikran&#8221; use_theme_fonts=&#8221;yes&#8221; css=&#8221;.vc_custom_1687172614941{margin-bottom: 30px !important;}&#8221;][vc_column_text] Mes \u2013 bok\u0161tini\u0173 kran\u0173 nuomos ekspertai \u0160iaur\u0117s ir Baltijos \u0161ali\u0173 regionuose. Dirbdami skirtingose rinkose Lietuvoje, \u0160vedijoje,&hellip;<\/p>\n","protected":false},"author":1,"featured_media":0,"parent":0,"menu_order":0,"comment_status":"closed","ping_status":"closed","template":"","meta":{"footnotes":""},"class_list":["post-2","page","type-page","status-publish","hentry","description-off"],"yoast_head":"<!-- This site is optimized with the Yoast SEO plugin v20.12 - https:\/\/yoast.com\/wordpress\/plugins\/seo\/ -->\n<title>Scandikran \u2013 bok\u0161tini\u0173 kran\u0173 nuoma<\/title>\n<meta name=\"description\" content=\"Scandikran \u2013 bok\u0161tini\u0173 kran\u0173 nuomos ekspertai \u0160iaur\u0117s ir Baltijos \u0161ali\u0173 regionuose. Dirbame Lietuvoje, \u0160vedijoje, Norvegijoje bei Jungtin\u0117je Karalyst\u0117je.\" \/>\n<meta name=\"robots\" content=\"index, follow, max-snippet:-1, max-image-preview:large, max-video-preview:-1\" \/>\n<link rel=\"canonical\" href=\"https:\/\/scandikran.se\/lt\/\" \/>\n<meta property=\"og:locale\" content=\"lt_LT\" \/>\n<meta property=\"og:type\" content=\"article\" \/>\n<meta property=\"og:title\" content=\"Scandikran \u2013 bok\u0161tini\u0173 kran\u0173 nuoma\" \/>\n<meta property=\"og:description\" content=\"Scandikran \u2013 bok\u0161tini\u0173 kran\u0173 nuomos ekspertai \u0160iaur\u0117s ir Baltijos \u0161ali\u0173 regionuose. Dirbame Lietuvoje, \u0160vedijoje, Norvegijoje bei Jungtin\u0117je Karalyst\u0117je.\" \/>\n<meta property=\"og:url\" content=\"https:\/\/scandikran.se\/lt\/\" \/>\n<meta property=\"og:site_name\" content=\"Scandikran\" \/>\n<meta property=\"article:modified_time\" content=\"2023-08-01T17:30:48+00:00\" \/>\n<meta property=\"og:image\" content=\"https:\/\/scandikran.se\/wp-content\/uploads\/2023\/05\/hero.jpg\" \/>\n\t<meta property=\"og:image:width\" content=\"1920\" \/>\n\t<meta property=\"og:image:height\" content=\"1280\" \/>\n\t<meta property=\"og:image:type\" content=\"image\/jpeg\" \/>\n<meta name=\"twitter:card\" content=\"summary_large_image\" \/>\n<meta name=\"twitter:label1\" content=\"Est. reading time\" \/>\n\t<meta name=\"twitter:data1\" content=\"2 minut\u0117s\" \/>\n<script type=\"application\/ld+json\" class=\"yoast-schema-graph\">{\"@context\":\"https:\/\/schema.org\",\"@graph\":[{\"@type\":\"WebPage\",\"@id\":\"https:\/\/scandikran.se\/lt\/\",\"url\":\"https:\/\/scandikran.se\/lt\/\",\"name\":\"Scandikran \u2013 bok\u0161tini\u0173 kran\u0173 nuoma\",\"isPartOf\":{\"@id\":\"https:\/\/scandikran.se\/#website\"},\"datePublished\":\"2023-05-30T08:06:55+00:00\",\"dateModified\":\"2023-08-01T17:30:48+00:00\",\"description\":\"Scandikran \u2013 bok\u0161tini\u0173 kran\u0173 nuomos ekspertai \u0160iaur\u0117s ir Baltijos \u0161ali\u0173 regionuose. Dirbame Lietuvoje, \u0160vedijoje, Norvegijoje bei Jungtin\u0117je Karalyst\u0117je.\",\"breadcrumb\":{\"@id\":\"https:\/\/scandikran.se\/lt\/#breadcrumb\"},\"inLanguage\":\"lt-LT\",\"potentialAction\":[{\"@type\":\"ReadAction\",\"target\":[\"https:\/\/scandikran.se\/lt\/\"]}]},{\"@type\":\"BreadcrumbList\",\"@id\":\"https:\/\/scandikran.se\/lt\/#breadcrumb\",\"itemListElement\":[{\"@type\":\"ListItem\",\"position\":1,\"name\":\"Home\",\"item\":\"https:\/\/scandikran.se\/lt\/\"},{\"@type\":\"ListItem\",\"position\":2,\"name\":\"Prad\u017eia\"}]},{\"@type\":\"WebSite\",\"@id\":\"https:\/\/scandikran.se\/#website\",\"url\":\"https:\/\/scandikran.se\/\",\"name\":\"Scandikran\",\"description\":\"\",\"potentialAction\":[{\"@type\":\"SearchAction\",\"target\":{\"@type\":\"EntryPoint\",\"urlTemplate\":\"https:\/\/scandikran.se\/?s={search_term_string}\"},\"query-input\":\"required name=search_term_string\"}],\"inLanguage\":\"lt-LT\"}]}<\/script>\n<!-- \/ Yoast SEO plugin. -->","yoast_head_json":{"title":"Scandikran \u2013 bok\u0161tini\u0173 kran\u0173 nuoma","description":"Scandikran \u2013 bok\u0161tini\u0173 kran\u0173 nuomos ekspertai \u0160iaur\u0117s ir Baltijos \u0161ali\u0173 regionuose. Dirbame Lietuvoje, \u0160vedijoje, Norvegijoje bei Jungtin\u0117je Karalyst\u0117je.","robots":{"index":"index","follow":"follow","max-snippet":"max-snippet:-1","max-image-preview":"max-image-preview:large","max-video-preview":"max-video-preview:-1"},"canonical":"https:\/\/scandikran.se\/lt\/","og_locale":"lt_LT","og_type":"article","og_title":"Scandikran \u2013 bok\u0161tini\u0173 kran\u0173 nuoma","og_description":"Scandikran \u2013 bok\u0161tini\u0173 kran\u0173 nuomos ekspertai \u0160iaur\u0117s ir Baltijos \u0161ali\u0173 regionuose. Dirbame Lietuvoje, \u0160vedijoje, Norvegijoje bei Jungtin\u0117je Karalyst\u0117je.","og_url":"https:\/\/scandikran.se\/lt\/","og_site_name":"Scandikran","article_modified_time":"2023-08-01T17:30:48+00:00","og_image":[{"width":1920,"height":1280,"url":"https:\/\/scandikran.se\/wp-content\/uploads\/2023\/05\/hero.jpg","type":"image\/jpeg"}],"twitter_card":"summary_large_image","twitter_misc":{"Est. reading time":"2 minut\u0117s"},"schema":{"@context":"https:\/\/schema.org","@graph":[{"@type":"WebPage","@id":"https:\/\/scandikran.se\/lt\/","url":"https:\/\/scandikran.se\/lt\/","name":"Scandikran \u2013 bok\u0161tini\u0173 kran\u0173 nuoma","isPartOf":{"@id":"https:\/\/scandikran.se\/#website"},"datePublished":"2023-05-30T08:06:55+00:00","dateModified":"2023-08-01T17:30:48+00:00","description":"Scandikran \u2013 bok\u0161tini\u0173 kran\u0173 nuomos ekspertai \u0160iaur\u0117s ir Baltijos \u0161ali\u0173 regionuose. Dirbame Lietuvoje, \u0160vedijoje, Norvegijoje bei Jungtin\u0117je Karalyst\u0117je.","breadcrumb":{"@id":"https:\/\/scandikran.se\/lt\/#breadcrumb"},"inLanguage":"lt-LT","potentialAction":[{"@type":"ReadAction","target":["https:\/\/scandikran.se\/lt\/"]}]},{"@type":"BreadcrumbList","@id":"https:\/\/scandikran.se\/lt\/#breadcrumb","itemListElement":[{"@type":"ListItem","position":1,"name":"Home","item":"https:\/\/scandikran.se\/lt\/"},{"@type":"ListItem","position":2,"name":"Prad\u017eia"}]},{"@type":"WebSite","@id":"https:\/\/scandikran.se\/#website","url":"https:\/\/scandikran.se\/","name":"Scandikran","description":"","potentialAction":[{"@type":"SearchAction","target":{"@type":"EntryPoint","urlTemplate":"https:\/\/scandikran.se\/?s={search_term_string}"},"query-input":"required name=search_term_string"}],"inLanguage":"lt-LT"}]}},"_links":{"self":[{"href":"https:\/\/scandikran.se\/lt\/wp-json\/wp\/v2\/pages\/2","targetHints":{"allow":["GET"]}}],"collection":[{"href":"https:\/\/scandikran.se\/lt\/wp-json\/wp\/v2\/pages"}],"about":[{"href":"https:\/\/scandikran.se\/lt\/wp-json\/wp\/v2\/types\/page"}],"author":[{"embeddable":true,"href":"https:\/\/scandikran.se\/lt\/wp-json\/wp\/v2\/users\/1"}],"replies":[{"embeddable":true,"href":"https:\/\/scandikran.se\/lt\/wp-json\/wp\/v2\/comments?post=2"}],"version-history":[{"count":146,"href":"https:\/\/scandikran.se\/lt\/wp-json\/wp\/v2\/pages\/2\/revisions"}],"predecessor-version":[{"id":457,"href":"https:\/\/scandikran.se\/lt\/wp-json\/wp\/v2\/pages\/2\/revisions\/457"}],"wp:attachment":[{"href":"https:\/\/scandikran.se\/lt\/wp-json\/wp\/v2\/media?parent=2"}],"curies":[{"name":"wp","href":"https:\/\/api.w.org\/{rel}","templated":true}]}}